{"id":36,"date":"2023-12-24T11:52:45","date_gmt":"2023-12-24T11:52:45","guid":{"rendered":"https:\/\/plyteliu-klijavimas.lt\/?page_id=36"},"modified":"2025-03-29T10:37:45","modified_gmt":"2025-03-29T10:37:45","slug":"plyteliu-klijavimas","status":"publish","type":"page","link":"https:\/\/plyteliu-klijavimas.lt\/","title":{"rendered":"Plyteli\u0173 klijavimo meistras Vilniuje"},"content":{"rendered":"\n<div id=\"Plyteli\u0173-kliavimo-meistras-vilniuje\" class=\"wp-block-group is-content-justification-center is-nowrap is-layout-flex wp-container-core-group-is-layout-94bc23d7 wp-block-group-is-layout-flex\">\n<figure class=\"wp-block-image size-full is-resized wp-container-content-69bc4bdf\"><img alt=\"Plyteliu klijavimas, wc remontas, voniu remontas\" loading=\"lazy\" decoding=\"async\" width=\"218\" height=\"136\" src=\"https:\/\/plyteliu-klijavimas.lt\/wp-content\/uploads\/2023\/12\/cropped-cropped-plyteles.png\" alt=\"\" class=\"wp-image-201\" style=\"width:248px;height:auto\" srcset=\"https:\/\/plyteliu-klijavimas.lt\/wp-content\/uploads\/2023\/12\/cropped-cropped-plyteles.png 218w, https:\/\/plyteliu-klijavimas.lt\/wp-content\/uploads\/2023\/12\/cropped-cropped-plyteles-186x116.png 186w\" sizes=\"auto, (max-width: 218px) 100vw, 218px\" \/><figcaption class=\"wp-element-caption\"><strong>Plyteli\u0173 klijavimas Vilniuje<\/strong><\/figcaption><\/figure>\n\n\n\n<p class=\"has-text-align-center wp-container-content-5f80b302\"><br> Daugiau nei per 10 met\u0173 sukaupta patirtis, bei \u017einios \u012frengent naujos statybos ar atnaujinant senos statybos b\u016bstus, leid\u017eia mums atlikti betkokius i\u0161kilusius i\u0161\u0161ukius plyteli\u0173 klijavimo darbuose. Nesvarbu nei koks bus plyteli\u0173 formatas, nesvarbus ir pagrindas ant kurio bus klijuojamos plytel\u0117s, kadangi ji paruo\u0161ime mes. Net nestabdo tai, jai teks perdaryti elektros instalecija ar santehnik\u0105, i\u0161 vonios perdaryti du\u0161o kabin\u0105 ar atvirk\u0161\u010diai, viskuo pasir\u016bpinsime mes. Visus darbus atliekame patys, tad jus sutaupysite netik laik\u0105, bet ir begal\u0119 nerv\u0173 i\u0161kant pavieni\u0173 meistr\u0173. Lanksti kain\u0173 politika patenkinti liks visi.<\/p>\n<\/div>\n\n\n\n<p><\/p>\n","protected":false},"excerpt":{"rendered":"<p>Daugiau nei per 10 met\u0173 sukaupta patirtis, bei \u017einios \u012frengent naujos statybos ar atnaujinant senos statybos b\u016bstus, leid\u017eia mums atlikti betkokius i\u0161kilusius i\u0161\u0161ukius plyteli\u0173 klijavimo darbuose. Nesvarbu nei koks bus plyteli\u0173 formatas, nesvarbus ir pagrindas ant kurio bus klijuojamos plytel\u0117s, kadangi ji paruo\u0161ime mes. Net nestabdo tai, jai teks perdaryti elektros instalecija ar santehnik\u0105, i\u0161 [&hellip;]<\/p>\n","protected":false},"author":1,"featured_media":131,"parent":0,"menu_order":5,"comment_status":"closed","ping_status":"closed","template":"","meta":{"_seopress_robots_primary_cat":"","_seopress_titles_title":"","_seopress_titles_desc":"Daugiau nei per 10 met\u0173 sukaupta patirtis, bei \u017einios \u012frengent naujos statybos ar atnaujinant senos statybos b\u016bstus, leid\u017eia mums atlikti betkokius darbus","_seopress_robots_index":"","footnotes":""},"class_list":["post-36","page","type-page","status-publish","has-post-thumbnail","hentry"],"jetpack_sharing_enabled":true,"_links":{"self":[{"href":"https:\/\/plyteliu-klijavimas.lt\/index.php\/wp-json\/wp\/v2\/pages\/36","targetHints":{"allow":["GET"]}}],"collection":[{"href":"https:\/\/plyteliu-klijavimas.lt\/index.php\/wp-json\/wp\/v2\/pages"}],"about":[{"href":"https:\/\/plyteliu-klijavimas.lt\/index.php\/wp-json\/wp\/v2\/types\/page"}],"author":[{"embeddable":true,"href":"https:\/\/plyteliu-klijavimas.lt\/index.php\/wp-json\/wp\/v2\/users\/1"}],"replies":[{"embeddable":true,"href":"https:\/\/plyteliu-klijavimas.lt\/index.php\/wp-json\/wp\/v2\/comments?post=36"}],"version-history":[{"count":41,"href":"https:\/\/plyteliu-klijavimas.lt\/index.php\/wp-json\/wp\/v2\/pages\/36\/revisions"}],"predecessor-version":[{"id":263,"href":"https:\/\/plyteliu-klijavimas.lt\/index.php\/wp-json\/wp\/v2\/pages\/36\/revisions\/263"}],"wp:featuredmedia":[{"embeddable":true,"href":"https:\/\/plyteliu-klijavimas.lt\/index.php\/wp-json\/wp\/v2\/media\/131"}],"wp:attachment":[{"href":"https:\/\/plyteliu-klijavimas.lt\/index.php\/wp-json\/wp\/v2\/media?parent=36"}],"curies":[{"name":"wp","href":"https:\/\/api.w.org\/{rel}","templated":true}]}}