{"id":207,"date":"2025-03-21T14:44:41","date_gmt":"2025-03-21T14:44:41","guid":{"rendered":"https:\/\/plyteliu-klijavimas.lt\/?page_id=207"},"modified":"2025-03-30T09:47:26","modified_gmt":"2025-03-30T09:47:26","slug":"kontaktai","status":"publish","type":"page","link":"https:\/\/plyteliu-klijavimas.lt\/index.php\/kontaktai\/","title":{"rendered":"Kontaktai"},"content":{"rendered":"\n<p class=\"has-text-align-center has-black-color has-white-background-color has-text-color has-background has-link-color has-large-font-size wp-elements-2bb7077a50607b266e3eb6e6321c7e47\"><strong>Para\u0161ykite ar paskambinkite mums, atsakysime \u012f visus jums r\u016bpimus klausimus.<\/strong><\/p>\n\n\n\n<p class=\"has-text-align-center has-medium-font-size\"><strong>Tel: +370 632 040 13<br>Miestas: Vilnius<br>Mail: info@plyteliu-klijavimas.lt<\/strong><\/p>\n\n\n\n<p><\/p>\n\n\n\n<p class=\"has-medium-font-size\"><strong>Trumpa atmintin\u0117 b\u016bsimiems klijentams<\/strong><\/p>\n\n\n\n<p><br>Nor\u0117dami, kad mes \u012fvertintume preliminari\u0105 kain\u0105, da\u017enu atv\u0117ju mums u\u017etenka tik j\u016bs\u0173 patalp\u0173 br\u0117\u017eini\u0173. bei vizijos &#8211; apie kok\u0105 svajojate. Apra\u0161ykite visk\u0105 kaip \u012fmanoma tiksliau, jei yra galimyb\u0117 prid\u0117kite kuo daugiau nuotrauk\u0173. <br><\/p>\n\n\n\n<p>1. Ar nusimato elektros intaliacijos Renovacijos, \u012frengimo ar korekcijos darbai?<br>2. Ar nusimato santechnikos Renovacijos, \u012frengimo ar korekcijos darbai?<br>3. Ar bus reikalingi griovimo darbai?<br>4. Ar bus reikalingi Gipso kartono darbai?<br>5. Ar bus reikalingi glaistymo, da\u017eymo darbai? <br>6. Kokios planuojamos klijuoti plytel\u0117s? Galb\u016bt jau \u017einomi i\u0161matavimai. <br> 6.1 Ar bus naudojami priglaistomi kampukai.<br> 6.2 Ar bus formuojamas du\u0161o padas ir statoma stiklin\u0117 sienel\u0117 &#8211; statysis vonia, du\u0161o kabina.<br> 6.3 Ar kampai bus pjaunami 45 laipsniu kampu &#8211; naudojamas priglaistomas kampukas<br>7. Kokiame stovyje \u0161iuo metu yra pavir\u0161ius. Ar jos yra tik \u0161vie\u017eiai nutinkuotos.<br> 7.1 Ar bus reikalingas plok\u0161tumos lyginimas.<br> 7.8 Ar sienos yra padengtos kreida?<br> 7.9 Ar bus reikalingos Gipso kartono pertvar\u0173 \u012frengimas ar korekcija.<\/p>\n\n\n\n<p>8. Galb\u016bt yra papildomos informacijos kuri\u0105 reik\u0117tu \u017einoti \u012ftraukiant \u012f pasi\u016blym\u0105?<br><\/p>\n\n\n\n<p>Si\u0173skite mums u\u017eklaus\u0105 ir netrukus gausite atsakym\u0105 su preliminariais paskai\u010diavimais!<\/p>\n\n\n<div class=\"wp-block-jetpack-contact-form\"><a href=\"https:\/\/plyteliu-klijavimas.lt\/index.php\/kontaktai\/\" target=\"_blank\" rel=\"noopener noreferrer\">Submit a form.<\/a><\/div>\n\n\n<p><\/p>\n","protected":false},"excerpt":{"rendered":"<p>Para\u0161ykite ar paskambinkite mums, atsakysime \u012f visus jums r\u016bpimus klausimus. Tel: +370 632 040 13Miestas: VilniusMail: info@plyteliu-klijavimas.lt Trumpa atmintin\u0117 b\u016bsimiems klijentams Nor\u0117dami, kad mes \u012fvertintume preliminari\u0105 kain\u0105, da\u017enu atv\u0117ju mums u\u017etenka tik j\u016bs\u0173 patalp\u0173 br\u0117\u017eini\u0173. bei vizijos &#8211; apie kok\u0105 svajojate. Apra\u0161ykite visk\u0105 kaip \u012fmanoma tiksliau, jei yra galimyb\u0117 prid\u0117kite kuo daugiau nuotrauk\u0173. 1. Ar [&hellip;]<\/p>\n","protected":false},"author":1,"featured_media":146,"parent":0,"menu_order":3,"comment_status":"closed","ping_status":"closed","template":"page-templates\/left-sidebar.php","meta":{"_seopress_robots_primary_cat":"","_seopress_titles_title":"","_seopress_titles_desc":"Para\u0161ykite ar paskambinkite mums, atsakysime \u012f visus jums r\u016bpimus klausimus. Tel: +37063204013, Miestas: Vilnius, Mail: info@plyteliu-klijavimas.lt","_seopress_robots_index":"","footnotes":""},"class_list":["post-207","page","type-page","status-publish","has-post-thumbnail","hentry"],"jetpack_sharing_enabled":true,"_links":{"self":[{"href":"https:\/\/plyteliu-klijavimas.lt\/index.php\/wp-json\/wp\/v2\/pages\/207","targetHints":{"allow":["GET"]}}],"collection":[{"href":"https:\/\/plyteliu-klijavimas.lt\/index.php\/wp-json\/wp\/v2\/pages"}],"about":[{"href":"https:\/\/plyteliu-klijavimas.lt\/index.php\/wp-json\/wp\/v2\/types\/page"}],"author":[{"embeddable":true,"href":"https:\/\/plyteliu-klijavimas.lt\/index.php\/wp-json\/wp\/v2\/users\/1"}],"replies":[{"embeddable":true,"href":"https:\/\/plyteliu-klijavimas.lt\/index.php\/wp-json\/wp\/v2\/comments?post=207"}],"version-history":[{"count":3,"href":"https:\/\/plyteliu-klijavimas.lt\/index.php\/wp-json\/wp\/v2\/pages\/207\/revisions"}],"predecessor-version":[{"id":261,"href":"https:\/\/plyteliu-klijavimas.lt\/index.php\/wp-json\/wp\/v2\/pages\/207\/revisions\/261"}],"wp:featuredmedia":[{"embeddable":true,"href":"https:\/\/plyteliu-klijavimas.lt\/index.php\/wp-json\/wp\/v2\/media\/146"}],"wp:attachment":[{"href":"https:\/\/plyteliu-klijavimas.lt\/index.php\/wp-json\/wp\/v2\/media?parent=207"}],"curies":[{"name":"wp","href":"https:\/\/api.w.org\/{rel}","templated":true}]}}